{"id":141,"date":"2022-08-20T09:59:56","date_gmt":"2022-08-20T09:59:56","guid":{"rendered":"https:\/\/sven-benken.de\/?page_id=141"},"modified":"2022-08-22T09:42:55","modified_gmt":"2022-08-22T09:42:55","slug":"lebendige-stadt","status":"publish","type":"page","link":"https:\/\/sven-benken.de\/?page_id=141","title":{"rendered":"Meine Ziele"},"content":{"rendered":"\n<h1 class=\"wp-block-heading\">Lebendige Stadt<\/h1>\n\n\n<p>Cottbus hat sich als Modellstadt, als Sportstadt und ein klein wenig als Universit\u00e4tsstadt gut entwickelt. Aber der wirkliche Aufbruch steht noch aus. Cottbus muss endlich DIE lebendige Hauptstadt der Niederlausitz werden, in der JEDER gut leben kann, und in die viele Menschen aus dem Umland oft und gerne kommen. Die aktuellen Milliardeninvestition im Strukturwandel k\u00f6nnen uns R\u00fcckenwind geben f\u00fcr das, was wir wollen und brauchen.<\/p>\n<style>#sp-ea-181 .spcollapsing { height: 0; overflow: hidden; transition-property: height;transition-duration: 300ms;}#sp-ea-181.sp-easy-accordion>.sp-ea-single {border: 1px solid #e2e2e2; }#sp-ea-181.sp-easy-accordion>.sp-ea-single>.ea-header a {color: #444;}#sp-ea-181.sp-easy-accordion>.sp-ea-single>.sp-collapse>.ea-body {background: #fff; color: #444;}#sp-ea-181.sp-easy-accordion>.sp-ea-single {background: #eee;}#sp-ea-181.sp-easy-accordion>.sp-ea-single>.ea-header a .ea-expand-icon.fa { float: left; color: #444;font-size: 16px;}<\/style><div id=\"sp-ea-181\" class=\"sp-ea-one sp-easy-accordion\" data-ex-icon=\"fa-minus\" data-col-icon=\"fa-plus\"  data-ea-active=\"ea-click\"  data-ea-mode=\"vertical\" data-preloader=\"\" data-scroll-active-item=\"\" data-offset-to-scroll=\"0\"><div class=\"ea-card  sp-ea-single\"><h3 class=\"ea-header\"><a class=\"collapsed\" data-sptoggle=\"spcollapse\" data-sptarget=#collapse1810 href=\"javascript:void(0)\"  aria-expanded=\"false\"><i class=\"ea-expand-icon fa fa-plus\"><\/i> Verwaltung<\/a><\/h3><div class=\"sp-collapse spcollapse spcollapse\" id=\"collapse1810\" data-parent=#sp-ea-181><div class=\"ea-body\"><p>Ich, Sven Benken, m\u00f6chte Oberb\u00fcrgermeister dieser Stadt werden. Ich geh\u00f6re keiner Partei an, bin vielmehr umgeben von engagierten Cottbusern, deren Kompetenz in Wirtschaft, Wissenschaft, Bildung, Kultur, Sicherheit, und nat\u00fcrlich auch Sportpolitik mir zur Verf\u00fcgung steht. Ich war, wie die meisten Cottbuser wissen, Leistungssportler und war und bin Teamplayer, bin f\u00fcr UNSER COTTBUS Stadtverordneter, war mit meiner Fu\u00dfballschule Unternehmer und bin jetzt mit Leidenschaft Lehrer. Ich will, dass sich jeder in Cottbus wohl f\u00fchlt und einbringen kann, besonders aber die jungen Familien mit ihren Kindern und die Senioren, denen wir alles verdanken, was wir Gutes haben. Die Steuerzentrale unserer Entwicklung ist das Rathaus, welches die demokratisch gefassten Beschl\u00fcsse der Stadtverordneten umsetzt. Hier arbeiten hochqualifizierte Leute, die nicht nur ihren Job sehen, sondern, wie wir wissen, Cottbus im Herzen haben. Dieses Potenzial erreicht seine H\u00f6chstform nur mit einer souver\u00e4nen Leitungsstruktur bei klar definierter Aufgabenverteilung. Jeder Bereich muss das Beste geben, ohne dass dabei der Verwaltungsapparat weiterw\u00e4chst. Nat\u00fcrlich muss Digitalisierung formale Prozesse vereinfachen, aber vor allem braucht unser Rathaus Willkommenskultur und offene T\u00fcren f\u00fcr alle Belange. Jeder Mitarbeiter ist zuerst Dienstleister f\u00fcr die B\u00fcrger.<\/p>\n<\/div><\/div><\/div><div class=\"ea-card  sp-ea-single\"><h3 class=\"ea-header\"><a class=\"collapsed\" data-sptoggle=\"spcollapse\" data-sptarget=#collapse1811 href=\"javascript:void(0)\"  aria-expanded=\"false\"><i class=\"ea-expand-icon fa fa-plus\"><\/i> Wirtschaft<\/a><\/h3><div class=\"sp-collapse spcollapse spcollapse\" id=\"collapse1811\" data-parent=#sp-ea-181><div class=\"ea-body\"><p>Wir wollen uns k\u00fcnftig, trotz global schlechter Vorzeichen, viel leisten. Das hei\u00dft: Unsere Hauptstadt der Niederlausitz muss erfolgreich wirtschaften. In der Energiebranche gibt es gute Chancen f\u00fcr CO2-freies Wachstum. Die Bahn, seit 150 Jahren einer der gr\u00f6\u00dften Arbeitgeber unserer Stadt, investiert endlich wieder und mittelst\u00e4ndische Unternehmen leisten Beachtliches. Wir als Kommunalpolitiker m\u00fcssen optimale Bedingungen schaffen, dass Unternehmer ihre Visionen hier bei uns zu produktiver Wirklichkeit werden lassen k\u00f6nnen, dass sie F\u00f6rderung erfahren, Fachkr\u00e4fte finden und Netzwerke aufbauen k\u00f6nnen. Jeder Cottbuser, der fit ist, soll hier sein berufliches Gl\u00fcck aufbauen k\u00f6nnen. Selbstverst\u00e4ndlich wird es auch Besch\u00e4ftigung f\u00fcr Menschen mit Handicap oder f\u00fcr \u00e4ltere Leute geben, die noch Lust haben, dabei zu sein. Wir Cottbuser wollen in einer Leistungsgesellschaft gut miteinander auskommen und keinen zur\u00fccklassen. Wir leben in der Mitte der Niederlausitz in einer Einkaufsstadt und wollen deshalb unseren Handel st\u00e4rken. Jeder H\u00e4ndler, jeder Gastronom, jeder Veranstalter braucht statt Reglementierungen Unterst\u00fctzung.<\/p>\n<p>Als Wirtschafts- und Motivationsmotor kann Cottbus eine weitere BuGa ausrichten. Ich werde die Beantragung unverz\u00fcglich einleiten und dem B\u00fcro des Oberb\u00fcrgermeisters einen BuGa-Beirat zuordnen. Zu \u00fcberlegen ist, ob als langfristiges Ziel Bem\u00fchungen angestrengt werden, als deutsch-wendische Gro\u00dfstadt die Benennung zur Europ\u00e4ischen Kulturhauptstadt anzustreben.<\/p>\n<\/div><\/div><\/div><div class=\"ea-card  sp-ea-single\"><h3 class=\"ea-header\"><a class=\"collapsed\" data-sptoggle=\"spcollapse\" data-sptarget=#collapse1812 href=\"javascript:void(0)\"  aria-expanded=\"false\"><i class=\"ea-expand-icon fa fa-plus\"><\/i> Wohnen<\/a><\/h3><div class=\"sp-collapse spcollapse spcollapse\" id=\"collapse1812\" data-parent=#sp-ea-181><div class=\"ea-body\"><p>Cottbuser zu sein, ist ein Gl\u00fcck. Hier gibt es guten und bezahlbaren Wohnraum, wof\u00fcr die Wohnungsgesellschaft, die Genossenschaft, viele mutige Vermieter und letztlich die H\u00e4uslebauer und -besitzer sorgen. Diese gute Mischung entwickelt sich stetig. Aber in den letzten Jahrzehnten sind durch falsche F\u00f6rderpolitik gro\u00dfe und f\u00fcr die Stadt teure L\u00f6cher in Wohngebieten gerissen worden. Ich will, dass Fl\u00e4chen, auf denen Wohnblocks abgerissen worden sind, wieder kleinteilig bebaut werden k\u00f6nnen. Es wird gut sein f\u00fcr die Stadt, wenn Kleininvestoren sich in die Entwicklung des Wohnungsmarktes einbringen. Wir brauchen Wohnungen in allen Gr\u00f6\u00dfen, besonders auch solche f\u00fcr Familien mit mehreren Kindern und f\u00fcr Senioren in altersgerechter Ausstattung.<\/p>\n<\/div><\/div><\/div><div class=\"ea-card  sp-ea-single\"><h3 class=\"ea-header\"><a class=\"collapsed\" data-sptoggle=\"spcollapse\" data-sptarget=#collapse1813 href=\"javascript:void(0)\"  aria-expanded=\"false\"><i class=\"ea-expand-icon fa fa-plus\"><\/i> Innenstadt<\/a><\/h3><div class=\"sp-collapse spcollapse spcollapse\" id=\"collapse1813\" data-parent=#sp-ea-181><div class=\"ea-body\"><p>Unsere Innenstadt ist dank des Modellstadtprogramms zur wahrscheinlich sch\u00f6nsten in ganz Brandenburg und dar\u00fcber hinaus geworden. Darauf bin ich stolz. Alle Beteiligten verdienen Lob und Dank. Missgl\u00fcckt aber ist das, was einst unser Stolz als Cottbuser war: die Stadtpromenade. Hier muss unverz\u00fcglich gehandelt werden. Neben dem erfolgreichen BLECHEN-Carr\u00e9 soll ein weiterer Erlebnisort entstehen. Das braucht kluge wirtschaftliche Entscheidungen und die Mitarbeit aller Cottbuser. Meine Vorstellung hierzu ist: Wir bauen eine ganz schicke Markthalle, in der es u.a. Feinkostgesch\u00e4fte, ein Caf\u00e9 mit Eisbar und einen Indoor-Spielplatz gibt, au\u00dfen herum sch\u00f6n \u00fcberdache Handelspl\u00e4tze und noch weiter au\u00dfen freie, so dass sich hier Saisonal erweiterndes oder zur\u00fcckziehendes Handeln m\u00f6glich wird \u2013 ein Viktualienmarkt nach M\u00fcnchener Beispiel. Wir, als Teil des Spreewaldes, haben da so viel zu bieten, dass dies f\u00fcr ein Alleinstellungsmerkmal reicht und unserer Rolle als Niederlausitzer Hauptstadt mit Magnetwirkung bis Berlin und Sachsen gerecht wird. Dieser Mark findet nat\u00fcrlich t\u00e4glich statt Der Platz wird an Nachmittagen bis in den fr\u00fchen Abend von Kindern und Senioren als Begegnungsort genutzt. Der Oberkirchplatz erh\u00e4lt dann eine Funktion als Event Ort f\u00fcr Tr\u00f6delm\u00e4rkte, kleine Schausteller-Angebote und \u00e4hnliches.<\/p>\n<\/div><\/div><\/div><div class=\"ea-card  sp-ea-single\"><h3 class=\"ea-header\"><a class=\"collapsed\" data-sptoggle=\"spcollapse\" data-sptarget=#collapse1814 href=\"javascript:void(0)\"  aria-expanded=\"false\"><i class=\"ea-expand-icon fa fa-plus\"><\/i> Kultur und Sport<\/a><\/h3><div class=\"sp-collapse spcollapse spcollapse\" id=\"collapse1814\" data-parent=#sp-ea-181><div class=\"ea-body\"><p>Mit den Kulturstiftungen Branitz und Theater\/Kunstsammlung verf\u00fcgt Cottbus \u00fcber solide Einrichtungen der Hochkultur, begleitet durch aktive F\u00f6rdervereine. Tierpark, Spreeauenpark, und andere sind kommunale Bildungs- und Erholungsst\u00e4tten. Private und gemeinn\u00fctzige Initiativen, aber auch von Vereinen getragene Angebote, die gro\u00dfe Unterst\u00fctzung durch die Stadtpolitik bekommen und weiter erhalten sollen, komplettieren das Bouquet kultureller Vielfalt. Diese Szene verdient aus Rathausrichtung deutlich mehr Wertsch\u00e4tzung. Ich will deshalb endlich den Carl-Blechen-Kunstpreis wieder auflegen, der f\u00fcr K\u00fcnstler und Kulturschaffende aller Genres einmal j\u00e4hrlich in drei Klassen verliehen wird. Vorschlagsberechtig ist jeder Cottbuser. Der Preis wird hoch dotiert. Au\u00dferdem ist eine Aufwertung der Ehrenmedaille der Stadt dringend erforderlich. Sie wird in kleinem Insiderkreis von 50, manchmal nur 30 Leuten vergeben. Mickrig! Ich werde vorschlagen, einmal j\u00e4hrlich einen B\u00fcrgerball zu veranstalten, zu dem bei niedrigem Eintritt (10 Euro) plus Sponsoring etwa 500 Cottbuser und G\u00e4ste Zugang haben. Er soll reihum an verschiedenen Orten (Hotels\/ Diskotheken\/ Vereinsh\u00e4user) stattfinden, mit der Verleihung der Ehrenmedaille\/Ehrenb\u00fcrgerschaft als H\u00f6hepunkt.<br \/>\nSportlich hat Cottbus dank der Sparkasse Spree-Nei\u00dfe die \u00f6ffentlichkeitswirksame Anerkennung von Verdienten gut entwickelt. Das soll beibehalten bleiben. Deutlicher als zuletzt soll durch die Stadtspitze der FC Energie unterst\u00fctz werden, mit dem Ziel der R\u00fcckkehr zum Profifu\u00dfball. Das ist ein gewichtiger Faktor im Stadtimage. Alle Sportarten, die hier erfolgreich betrieben werden, erfahren gr\u00f6\u00dftm\u00f6gliche kommunale F\u00f6rderung, wof\u00fcr ein bestens besetzter Stadtsportbund sorgt.<\/p>\n<\/div><\/div><\/div><div class=\"ea-card  sp-ea-single\"><h3 class=\"ea-header\"><a class=\"collapsed\" data-sptoggle=\"spcollapse\" data-sptarget=#collapse1815 href=\"javascript:void(0)\"  aria-expanded=\"false\"><i class=\"ea-expand-icon fa fa-plus\"><\/i> Bildung<\/a><\/h3><div class=\"sp-collapse spcollapse spcollapse\" id=\"collapse1815\" data-parent=#sp-ea-181><div class=\"ea-body\"><p>Cottbus war und ist eine \u00fcberragend gute Schulstadt mit Eliteschulen, Konservatorium, Gymnasien, Gesamtschulen, Oberschule und Grundschulen. Alle Schulformen brauchen gleicherma\u00dfen Unterst\u00fctzung. Das Schulkonzept muss, abgestimmt mit dem Spree-Nei\u00dfe-Kreis immer so aktualisiert werden, dass es der Nachfrage gerecht wird. In den Kindetagesst\u00e4tten m\u00fcssen die Angebote verbessert werden; es darf keine Ganztagsschlie\u00dfungen wegen Weiterbildung geben. Wo m\u00f6glich, muss die Kinderbetreuung beitragsfrei sein.<\/p>\n<\/div><\/div><\/div><div class=\"ea-card  sp-ea-single\"><h3 class=\"ea-header\"><a class=\"collapsed\" data-sptoggle=\"spcollapse\" data-sptarget=#collapse1816 href=\"javascript:void(0)\"  aria-expanded=\"false\"><i class=\"ea-expand-icon fa fa-plus\"><\/i> Wissenschaft<\/a><\/h3><div class=\"sp-collapse spcollapse spcollapse\" id=\"collapse1816\" data-parent=#sp-ea-181><div class=\"ea-body\"><p>Als Hochschulstadt hat Cottbus auf dem Campus bedeutende Investitionen umsetzen k\u00f6nnen. Noch aber hat die BTU aus der Fusion mit der Senftenberger Fachschule keinen deutlichen Gewinn gezogen. Das Rathaus und die Wirtschaft der Stadt werden enger mit der BTU zusammenarbeiten und die Netzwerke zur Landesregierung nutzen, um den Hochschulstandort zu st\u00e4rken und deutlich mehr Studenten nach Cottbus zu bekommen und schlie\u00dflich als Absolventen f\u00fcr eine Zukunft in der Niederlausitz zu begeistern.<\/p>\n<\/div><\/div><\/div><div class=\"ea-card  sp-ea-single\"><h3 class=\"ea-header\"><a class=\"collapsed\" data-sptoggle=\"spcollapse\" data-sptarget=#collapse1817 href=\"javascript:void(0)\"  aria-expanded=\"false\"><i class=\"ea-expand-icon fa fa-plus\"><\/i> Mobilit\u00e4t<\/a><\/h3><div class=\"sp-collapse spcollapse spcollapse\" id=\"collapse1817\" data-parent=#sp-ea-181><div class=\"ea-body\"><p>Cottbus ist auf dem Weg zu Elektro- und Wasserstoff-Mobilit\u00e4t. Allerdings erleben die Menschen einen unzureichenden \u00d6PNV, einen katastrophalen Bahnanschluss, insbesondere in und aus Richtung Berlin (ganz ohne Anschluss an den BER) und im st\u00e4dtischen Stra\u00dfenverkehr durch wirren Schilderwald und schlecht koordinierte Baustellen, einen permanenten Irrgarten, der nicht nur Nerven, sondern auch viel Kraftstoff kostet. Hier muss dringend Abhilfe geschafft werden. Das Stra\u00dfenbahnnetz ist zu erweitern, die Zugfolge zu verdichten und mittelfristig die kostenfreie Benutzung der Bahn wirtschaftlich zu sichern. Das ist der wichtigste umweltpolitische Beitrag der Stadt Cottbus.<\/p>\n<\/div><\/div><\/div><div class=\"ea-card  sp-ea-single\"><h3 class=\"ea-header\"><a class=\"collapsed\" data-sptoggle=\"spcollapse\" data-sptarget=#collapse1818 href=\"javascript:void(0)\"  aria-expanded=\"false\"><i class=\"ea-expand-icon fa fa-plus\"><\/i> Tourismus und Umwelt<\/a><\/h3><div class=\"sp-collapse spcollapse spcollapse\" id=\"collapse1818\" data-parent=#sp-ea-181><div class=\"ea-body\"><p>Der Cottbus-Tourismus versteht sich zum gro\u00dfen Teil als Spreewaldtourismus und ist \u00fcber den unmittelbaren wirtschaftlichen Erl\u00f6s hinaus ein sehr wichtiger Aspekt der Stadtwerbung. Ihm muss st\u00e4rkere Aufmerksamkeit gewidmet werden. Cottbus soll sich st\u00e4rker im Spreewaldverein einbringen und seine eigenen touristischen Attraktionen wie Flugplatzmuseum, Apothekenmuseum, Planetarium, Stadt- und Wendisches Museum, offene Kirchen u.a. darauf ausrichten. Von selbst versteht sich das f\u00fcr Schloss und Park Branitz sowie Tierpark. Dort sollen Pkw, in denen Kinder mitgebracht werden, grunds\u00e4tzlich kostenfrei parken.<\/p>\n<\/div><\/div><\/div><div class=\"ea-card  sp-ea-single\"><h3 class=\"ea-header\"><a class=\"collapsed\" data-sptoggle=\"spcollapse\" data-sptarget=#collapse1819 href=\"javascript:void(0)\"  aria-expanded=\"false\"><i class=\"ea-expand-icon fa fa-plus\"><\/i> Gesundheit<\/a><\/h3><div class=\"sp-collapse spcollapse spcollapse\" id=\"collapse1819\" data-parent=#sp-ea-181><div class=\"ea-body\"><p>Das seit zwei Jahrzehnten in Cottbus vorgedachte und jetzt zum Tragen kommende Konzept der universit\u00e4ren Medizinerausbildung wird von der Stadt mit all ihren M\u00f6glichkeiten unterst\u00fctzt. Es ist daf\u00fcr zu sorgen, dass beim \u00dcbergang des kommunalen Klinikums an das Land gr\u00f6\u00dftm\u00f6gliche Vorteile f\u00fcr den Sozialbereich der Stadt gesichert werden. Mit gr\u00f6\u00dfter Sorgfalt und Wertsch\u00e4tzung begleitet die Stadt das Netz der niedergelassenen Praxen von Haus- und Fach\u00e4rzten. Auch hier ist mehr Anerkennung n\u00f6tig. Praxen, die in nationalen Rankings ausgezeichnet werden, sollten, wie erfolgreiche Sportler, in w\u00fcrdiger Weise in die Ehrenchronik der Stadt eingetragen werden.<\/p>\n<\/div><\/div><\/div><div class=\"ea-card  sp-ea-single\"><h3 class=\"ea-header\"><a class=\"collapsed\" data-sptoggle=\"spcollapse\" data-sptarget=#collapse18110 href=\"javascript:void(0)\"  aria-expanded=\"false\"><i class=\"ea-expand-icon fa fa-plus\"><\/i> Freizeit<\/a><\/h3><div class=\"sp-collapse spcollapse spcollapse\" id=\"collapse18110\" data-parent=#sp-ea-181><div class=\"ea-body\"><p>In den Freizeitangeboten der Stadt m\u00fcssen in besonderer Weise die Kinder-\/Familienangebote und die Angebote f\u00fcr Senioren ausgebaut werden. F\u00fcr Kinder sind das in erster Linie die wohnungsnahen Spielpl\u00e4tze, die besonders in der Innenstadt fehlen. Der Wasserspielplatz im Eliapark ist kurzfristig fertigzustellen. Senioren brauchen nicht nur in einer \u201eSeniorenwoche\u201c die bekannt d\u00fcrftige Zuwendung, sondern sie m\u00fcssen immer M\u00f6glichkeiten haben, in Parks oder R\u00e4umen Geselligkeit zu pflegen, Sport zu treiben oder sich kulturell zu bet\u00e4tigen. Auch die Seniorenuniversit\u00e4t ist zu f\u00f6rdern. Eine weitere Bet\u00e4tigung finden vor allem \u00e4ltere Menschen in zehntausenden Kleing\u00e4rten in Cottbus und Umgebung. Die Kleingartenanlagen verdienen unseren Schutz und es ist zu empfehlen, im Spreeauenpark, dem ehemaligen BuGa-Gel\u00e4nde einmal im Jahr als Kooperation zwischen Gartenbaubetrieben, Floristen und Gartensparten eine zweiw\u00f6chige \u201eSchau der Ideen\u201c zu pr\u00e4sentieren, die viele Besucher anlocken kann.<\/p>\n<\/div><\/div><\/div><\/div>","protected":false},"excerpt":{"rendered":"<p>Lebendige Stadt Cottbus hat sich als Modellstadt, als Sportstadt und ein klein wenig als Universit\u00e4tsstadt gut entwickelt. Aber der wirkliche Aufbruch steht noch aus. Cottbus muss endlich DIE lebendige Hauptstadt der Niederlausitz werden, in der JEDER gut leben kann, und in die viele Menschen aus dem Umland oft und gerne kommen. Die aktuellen Milliardeninvestition im &hellip; <\/p>\n<p class=\"link-more\"><a href=\"https:\/\/sven-benken.de\/?page_id=141\" class=\"more-link\"><span class=\"screen-reader-text\">\u201eMeine Ziele\u201c<\/span> weiterlesen<\/a><\/p>\n","protected":false},"author":1,"featured_media":0,"parent":0,"menu_order":0,"comment_status":"closed","ping_status":"closed","template":"","meta":{"om_disable_all_campaigns":false,"_mi_skip_tracking":false,"footnotes":""},"class_list":["post-141","page","type-page","status-publish","hentry","entry"],"aioseo_notices":[],"_links":{"self":[{"href":"https:\/\/sven-benken.de\/index.php?rest_route=\/wp\/v2\/pages\/141","targetHints":{"allow":["GET"]}}],"collection":[{"href":"https:\/\/sven-benken.de\/index.php?rest_route=\/wp\/v2\/pages"}],"about":[{"href":"https:\/\/sven-benken.de\/index.php?rest_route=\/wp\/v2\/types\/page"}],"author":[{"embeddable":true,"href":"https:\/\/sven-benken.de\/index.php?rest_route=\/wp\/v2\/users\/1"}],"replies":[{"embeddable":true,"href":"https:\/\/sven-benken.de\/index.php?rest_route=%2Fwp%2Fv2%2Fcomments&post=141"}],"version-history":[{"count":18,"href":"https:\/\/sven-benken.de\/index.php?rest_route=\/wp\/v2\/pages\/141\/revisions"}],"predecessor-version":[{"id":183,"href":"https:\/\/sven-benken.de\/index.php?rest_route=\/wp\/v2\/pages\/141\/revisions\/183"}],"wp:attachment":[{"href":"https:\/\/sven-benken.de\/index.php?rest_route=%2Fwp%2Fv2%2Fmedia&parent=141"}],"curies":[{"name":"wp","href":"https:\/\/api.w.org\/{rel}","templated":true}]}}