{"id":23,"date":"2022-07-29T07:58:28","date_gmt":"2022-07-29T07:58:28","guid":{"rendered":"https:\/\/sven-benken.de\/?page_id=23"},"modified":"2022-08-23T16:43:32","modified_gmt":"2022-08-23T16:43:32","slug":"startseite","status":"publish","type":"page","link":"https:\/\/sven-benken.de\/","title":{"rendered":"Startseite"},"content":{"rendered":"\n<figure class=\"wp-block-image alignfull\"><img loading=\"lazy\" decoding=\"async\" width=\"1920\" height=\"1080\" src=\"https:\/\/sven-benken.de\/wp-content\/uploads\/2022\/08\/SvenBenken_1920x1080.jpg\" alt=\"\" class=\"wp-image-79\" srcset=\"https:\/\/sven-benken.de\/wp-content\/uploads\/2022\/08\/SvenBenken_1920x1080.jpg 1920w, https:\/\/sven-benken.de\/wp-content\/uploads\/2022\/08\/SvenBenken_1920x1080-300x169.jpg 300w, https:\/\/sven-benken.de\/wp-content\/uploads\/2022\/08\/SvenBenken_1920x1080-1024x576.jpg 1024w, https:\/\/sven-benken.de\/wp-content\/uploads\/2022\/08\/SvenBenken_1920x1080-768x432.jpg 768w, https:\/\/sven-benken.de\/wp-content\/uploads\/2022\/08\/SvenBenken_1920x1080-1536x864.jpg 1536w, https:\/\/sven-benken.de\/wp-content\/uploads\/2022\/08\/SvenBenken_1920x1080-1568x882.jpg 1568w\" sizes=\"auto, (max-width: 1920px) 100vw, 1920px\" \/><\/figure>\n\n\n\n<h1 class=\"wp-block-heading\">Sven Benken &#8211; Neue Energie f\u00fcr Cottbus<\/h1>\n\n\n<p>Mein Herz schl\u00e4gt f\u00fcr meine Heimat Cottbus. Cottbus ist mein\u00a0 Lebensmittelpunkt. Die Stadt ist der Ort, mit dem ich wundersch\u00f6ne Erinnerungen verbinde, hier stellt sich f\u00fcr mich das vertraute Gef\u00fchl ein, Vertrautheit in die Menschen und die Dinge, die hier passieren. Cottbus ist die Stadt, die mich wachsen lie\u00df, die Stadt in der ich als Kind und Jugendlicher voll Tatendrang strotzte, die Stadt, in der ich mich auskenne, in der Leute leben, die \u00e4hnliche regional-politische Themen bewegen. Auch die \u00c4ngste und Sorgen der Cottbuser sind mir nicht fern. Ich wei\u00df, wie die Tatsachen und Menschen in Cottbus sind und wie sie sich verhalten. Deshalb bin ich der richtige Kandidat f\u00fcr das Oberb\u00fcrgermeisteramt.<\/p>\n<h5><span style=\"text-decoration: underline;\">Meine Schwerpunkte<\/span>:<\/h5>\n<p>Als Schwerpunkte in meinem Wahlkampf setzte ich die Arbeit am <strong>Strukturwandel<\/strong>, eine <strong>funktionierende Wirtschaftsf\u00f6rderung<\/strong> und die <strong>St\u00e4rkung der Verwaltung<\/strong>. Ich wei\u00df, Cottbus braucht den Sport, die Sportfamilie, gut funktionierende Strukturen, gepflegte Sportst\u00e4tten und deren Betrieb. Cottbus braucht Energie Cottbus.<\/p>\n<div class=\"wonderplugin-video\" style=\"width:600px;height:400px;position:relative;display:block;background-color:#000;overflow:hidden;max-width:100%;margin:0 auto;\" data-aspectratio=\"1.5\"><div class=\"wpve-videoplayer\" style=\"display:block;position:relative;width:100%;height:100%;\" data-mp4=\"https:\/\/sven-benken.de\/wp-content\/uploads\/2022\/08\/ziele.mp4\" data-skinfolder=\"https:\/\/sven-benken.de\/wp-content\/plugins\/wonderplugin-video-embed\/engine\/\" data-playbutton=\"https:\/\/sven-benken.de\/wp-content\/plugins\/wonderplugin-video-embed\/engine\/playvideo-64-64-0.png\"><\/div><\/div>\n<h5><span style=\"text-decoration: underline;\">Auch das finde ich wichtig<\/span>:<\/h5>\n<p>Weitere Themen sind <strong>Gesundheit<\/strong>, <strong>Erholung und Touristik<\/strong>, die <strong>Digitalisierung<\/strong>, die noch <strong>engere Zusammenarbeit und st\u00e4rkere Nutzung der Potenziale der BTU<\/strong> f\u00fcr die Ansiedlung von Industrie. Die <strong>Verbesserung der Anbindung der Cottbuser Ortsteile an die Stadt<\/strong> geh\u00f6rt mit zu meinen Vorhaben.<\/p>\n<div class=\"wonderplugin-video\" style=\"width:600px;height:400px;position:relative;display:block;background-color:#000;overflow:hidden;max-width:100%;margin:0 auto 20px;\" data-aspectratio=\"1.5\"><div class=\"wpve-videoplayer\" style=\"display:block;position:relative;width:100%;height:100%;\" data-mp4=\"https:\/\/sven-benken.de\/wp-content\/uploads\/2022\/08\/bildungen.mp4\" data-skinfolder=\"https:\/\/sven-benken.de\/wp-content\/plugins\/wonderplugin-video-embed\/engine\/\" data-playbutton=\"https:\/\/sven-benken.de\/wp-content\/plugins\/wonderplugin-video-embed\/engine\/playvideo-64-64-0.png\"><\/div><\/div>\n<div class=\"wonderplugin-video\" style=\"width:600px;height:400px;position:relative;display:block;background-color:#000;overflow:hidden;max-width:100%;margin:0 auto;\" data-aspectratio=\"1.5\"><div class=\"wpve-videoplayer\" style=\"display:block;position:relative;width:100%;height:100%;\" data-mp4=\"https:\/\/sven-benken.de\/wp-content\/uploads\/2022\/08\/uni.mp4\" data-skinfolder=\"https:\/\/sven-benken.de\/wp-content\/plugins\/wonderplugin-video-embed\/engine\/\" data-playbutton=\"https:\/\/sven-benken.de\/wp-content\/plugins\/wonderplugin-video-embed\/engine\/playvideo-64-64-0.png\"><\/div><\/div>\n<h5><span style=\"text-decoration: underline;\">Darum trete ich an<\/span>:<\/h5>\n<p>Ich trete zum Wohle der Cottbuser B\u00fcrger*innen und ihrer Stadt mit einem Expertenteam zur Wahl des Oberb\u00fcrgermeisters an, das aus erfolgreichen Unternehmern, P\u00e4dagogen, Gesundheitswissenschaftlern, St\u00e4dteplanern, Umweltsch\u00fctzer, Marketingexperten, Finanzwirtschaftlern, Juristen, Senioren, Vereins- und Verbandspolitikern, Profis und Amateursportlern, Steuerrechtlern, Sicherheitsfachleuten, Touristikern, Frauenrechtlern und Kommunalexperten besteht.<\/p>\n<div class=\"wonderplugin-video\" style=\"width:600px;height:400px;position:relative;display:block;background-color:#000;overflow:hidden;max-width:100%;margin:0 auto;\" data-aspectratio=\"1.5\"><div class=\"wpve-videoplayer\" style=\"display:block;position:relative;width:100%;height:100%;\" data-mp4=\"https:\/\/sven-benken.de\/wp-content\/uploads\/2022\/08\/energie.mp4\" data-skinfolder=\"https:\/\/sven-benken.de\/wp-content\/plugins\/wonderplugin-video-embed\/engine\/\" data-playbutton=\"https:\/\/sven-benken.de\/wp-content\/plugins\/wonderplugin-video-embed\/engine\/playvideo-64-64-0.png\"><\/div><\/div>\n<h5><span style=\"text-decoration: underline;\">Kurz \u00fcber mich<\/span>:<\/h5>\n<p>Ich bin 52 Jahre jung und habe nach meiner aktiven Laufbahn als Fu\u00dfballprofi, unter anderem bei Energie Cottbus, Werder Bremen und Hansa Rostock, eine Fu\u00dfballschule f\u00fcr Kinder mit der Trainerlizenz A aufgebaut und erfolgreich gef\u00fchrt. Ich habe den Grundberuf Kfz-Schlosser erlernt. Seit 2018 bin ich Lehrer im \u00f6ffentlichen Dienst und unterrichte die F\u00e4cher Mathematik, Deutsch, WAT und Sport. Zurzeit absolviere ich eine p\u00e4dagogische Zusatzausbildung.<br \/>Ehrenamtlich bin ich Stadtverordneter und seit vielen Jahren mit den Erfolgen und Problemen der Stadt Cottbus verbunden. In Cottbus habe ich auch meine Liebe gefunden und eine Familie gegr\u00fcndet.<\/p>\n<div class=\"wonderplugin-video\" style=\"width:600px;height:400px;position:relative;display:block;background-color:#000;overflow:hidden;max-width:100%;margin:0 auto;\" data-aspectratio=\"1.5\"><div class=\"wpve-videoplayer\" style=\"display:block;position:relative;width:100%;height:100%;\" data-mp4=\"https:\/\/sven-benken.de\/wp-content\/uploads\/2022\/08\/vita.mp4\" data-skinfolder=\"https:\/\/sven-benken.de\/wp-content\/plugins\/wonderplugin-video-embed\/engine\/\" data-playbutton=\"https:\/\/sven-benken.de\/wp-content\/plugins\/wonderplugin-video-embed\/engine\/playvideo-64-64-0.png\"><\/div><\/div>\n<p><strong>UNSER COTTBUS! \u2013 f\u00fcr eine Stadt zum Wohlf\u00fchlen<\/strong><\/p>\n<p>Die W\u00e4hlervereinigung \u201eUNSER COTTBUS\u201c k\u00fcmmert sich ausschlie\u00dflich um lokale Belange\u00a0 der Stadt und ihrer B\u00fcrger und B\u00fcrgerinnen. \u201eUnser Cottbus\u201c muss, anders als die Wettbewerber, nicht auf die Parteizentralen nach Potsdam oder Berlin schauen. Unsere Zentrale ist Cottbus und wir entscheiden hier gemeinsam mit sachkundigen B\u00fcrgern, was wir zum Wohle der Cottbuser leisten.<\/p>\n<p>Wir begreifen uns als eine aktive und unabh\u00e4ngige B\u00fcrgerbewegung der Cottbuserinnen und Cottbuser. Bei uns sind alle willkommen, mitzumachen bei der positiven Ver\u00e4nderung der Stadt.<\/p>\n<p>Sozialer Stand, Beruf, Hautfarbe, Sexualit\u00e4t, Geschlecht sind uns egal. Wir treten nicht gegen, sondern f\u00fcr Cottbus an. Was uns nicht egal ist und nicht toleriert wird, ist jegliche Art von Extremismus. Wir bekennen uns zur freiheitlich demokratischen Grundordnung auf der Basis des deutschen Grundgesetzes.<\/p>\n<p>Die <strong>W\u00e4hlergruppe UNSER COTTBUS!<\/strong> ist mit vier Abgeordneten in der Cottbuser Stadtverordnetenversammlung vertreten: J\u00fcrgen Siewert (Fraktionsvorsitzender), Sven Benken, Klaus Gro\u00df, Philipp G\u00e4rtner.<\/p>\n<div style=\"display: none;\"><a class=\"wplightbox\" href=\"https:\/\/sven-benken.de\/wp-content\/uploads\/2022\/08\/unternehmer.mp4\" data-width=\"960\" data-height=\"540\" data-autoopen=\"true\" data-autoopendelay=\"1000\" data-autoclose=\"true\" data-mutevideo=\"false\" data-playsinline=\"true\">Click to open an MP4 video in a Lightbox<\/a><\/div>\n\n<div class=\"wp-block-image\">\n<figure class=\"aligncenter size-full\"><img loading=\"lazy\" decoding=\"async\" width=\"728\" height=\"90\" src=\"https:\/\/sven-benken.de\/wp-content\/uploads\/2022\/08\/SvenBenken_728x90.jpg\" alt=\"\" class=\"wp-image-84\" srcset=\"https:\/\/sven-benken.de\/wp-content\/uploads\/2022\/08\/SvenBenken_728x90.jpg 728w, https:\/\/sven-benken.de\/wp-content\/uploads\/2022\/08\/SvenBenken_728x90-300x37.jpg 300w\" sizes=\"auto, (max-width: 728px) 100vw, 728px\" \/><\/figure>\n<\/div>","protected":false},"excerpt":{"rendered":"<p>Sven Benken &#8211; Neue Energie f\u00fcr Cottbus Mein Herz schl\u00e4gt f\u00fcr meine Heimat Cottbus. Cottbus ist mein\u00a0 Lebensmittelpunkt. Die Stadt ist der Ort, mit dem ich wundersch\u00f6ne Erinnerungen verbinde, hier stellt sich f\u00fcr mich das vertraute Gef\u00fchl ein, Vertrautheit in die Menschen und die Dinge, die hier passieren. Cottbus ist die Stadt, die mich wachsen &hellip; <\/p>\n<p class=\"link-more\"><a href=\"https:\/\/sven-benken.de\/\" class=\"more-link\"><span class=\"screen-reader-text\">\u201eStartseite\u201c<\/span> weiterlesen<\/a><\/p>\n","protected":false},"author":1,"featured_media":0,"parent":0,"menu_order":0,"comment_status":"closed","ping_status":"closed","template":"","meta":{"om_disable_all_campaigns":false,"_mi_skip_tracking":false,"footnotes":""},"class_list":["post-23","page","type-page","status-publish","hentry","entry"],"aioseo_notices":[],"_links":{"self":[{"href":"https:\/\/sven-benken.de\/index.php?rest_route=\/wp\/v2\/pages\/23","targetHints":{"allow":["GET"]}}],"collection":[{"href":"https:\/\/sven-benken.de\/index.php?rest_route=\/wp\/v2\/pages"}],"about":[{"href":"https:\/\/sven-benken.de\/index.php?rest_route=\/wp\/v2\/types\/page"}],"author":[{"embeddable":true,"href":"https:\/\/sven-benken.de\/index.php?rest_route=\/wp\/v2\/users\/1"}],"replies":[{"embeddable":true,"href":"https:\/\/sven-benken.de\/index.php?rest_route=%2Fwp%2Fv2%2Fcomments&post=23"}],"version-history":[{"count":34,"href":"https:\/\/sven-benken.de\/index.php?rest_route=\/wp\/v2\/pages\/23\/revisions"}],"predecessor-version":[{"id":210,"href":"https:\/\/sven-benken.de\/index.php?rest_route=\/wp\/v2\/pages\/23\/revisions\/210"}],"wp:attachment":[{"href":"https:\/\/sven-benken.de\/index.php?rest_route=%2Fwp%2Fv2%2Fmedia&parent=23"}],"curies":[{"name":"wp","href":"https:\/\/api.w.org\/{rel}","templated":true}]}}