{"id":25,"date":"2022-07-29T08:05:54","date_gmt":"2022-07-29T08:05:54","guid":{"rendered":"https:\/\/sven-benken.de\/?page_id=25"},"modified":"2022-08-16T16:05:02","modified_gmt":"2022-08-16T16:05:02","slug":"vita","status":"publish","type":"page","link":"https:\/\/sven-benken.de\/?page_id=25","title":{"rendered":"Vita"},"content":{"rendered":"\n<div id=\"vitaHead\">\n  <div id=\"vitaLeft\">\n    <h2>Sven Benken<\/h2>\n    <h3>geboren am 20. April 1970 in Lauchhammer<\/h3>\n  <\/div>\n  <div id=\"vitaRight\">\n    <img decoding=\"async\" loading=\"lazy\" src=\"https:\/\/sven-benken.de\/wp-content\/uploads\/2022\/08\/portrait.jpg\" alt=\"\" class=\"wp-image-59\" srcset=\"https:\/\/sven-benken.de\/wp-content\/uploads\/2022\/08\/portrait.jpg 450w, https:\/\/sven-benken.de\/wp-content\/uploads\/2022\/08\/portrait-288x300.jpg 288w\" sizes=\"auto, (max-width: 450px) 100vw, 450px\" width=\"450\" height=\"468\">\n  <\/div>\n<\/div>\n<h2>Berufliche T\u00e4tigkeit<\/h2>\n<p><span class=\"right\">seit 2018<\/span><span class=\"left\">Grundschullehrer f\u00fcr Mathematik, Deutsch, Sport und WAT in L\u00fcbben<\/span><\/p>\n<p><span class=\"right\">2014<\/span><span class=\"left\">Trainer SG Burg Landesliga<\/span><\/p>\n<p><span class=\"right\">2014<\/span><span class=\"left\">technischer Leiter DFB f\u00fcr St\u00fctzpunkte<\/span><\/p>\n<p><span class=\"right\">2013<\/span><span class=\"left\">Referent und Pr\u00fcfer B Lizenzausbildung<\/span><\/p>\n<p><span class=\"right\">2013<\/span><span class=\"left\">Trainer, B Jugend, Jrg.98, FC Energie Cottbus<\/span><\/p>\n<p><span class=\"right\">2010<\/span><span class=\"left\">Sichter f\u00fcr die Einschulung an die Sportschulen FF\/O, Cottbus<\/span><\/p>\n<p><span class=\"right\">2007<\/span><span class=\"left\">Gr\u00fcndungsmitglied \u201eCottbuser Krebse\u201c (bis 2013 Pr\u00e4sident)<\/span><\/p>\n<p><span class=\"right\">2005<\/span><span class=\"left\">Honorartrainer Fu\u00dfballlandesverband Brandenburg<\/span><\/p>\n<p><span class=\"right\">2003<\/span><span class=\"left\">eigene Fu\u00dfballschule in Cottbus<\/span><\/p>\n<h2>Als Spieler<\/h2>\n<p><span class=\"right\">1999 \u2013 2002<\/span><span class=\"left\">FC Hansa Rostock, 1. Bundesliga (85 Bundesligaspiele, 2 internationale Spiele)<\/span><\/p>\n<p><span class=\"right\">1997 \u2013 1999<\/span><span class=\"left\">Werder Bremen, 1. Bundesliga (1999 Pokalsieger)<\/span><\/p>\n<p><span class=\"right\">1994 \u2013 1997<\/span><span class=\"left\">Energie, Cottbus, Regionalliga (Aufstiegsspiele, Aufstieg 2. Bundesliga, DFB-Pokalfinale)<\/span><\/p>\n<h2>Sportliche Ausbildung<\/h2>\n<p><span class=\"right\">2005<\/span><span class=\"left\">Fu\u00dfballtrainer, A Lizenz<\/span><\/p>\n<h2>Berufliche Ausbildung<\/h2>\n<p><span class=\"right\">2021<\/span><span class=\"left\">Studium Mathematik und Deutsch f\u00fcr Primarstufe<\/span><\/p>\n<p><span class=\"right\">2018<\/span><span class=\"left\">p\u00e4dagogische Grundqualifizierung<\/span><\/p>\n<p><span class=\"right\">1986 \u2013 1989<\/span><span class=\"left\">Stadtwirtschaft Cottbus<br>Abschluss Kfz-Schlosser<\/span><\/p>\n\n\n<div class=\"wp-block-image\">\n<figure class=\"aligncenter size-full\"><img loading=\"lazy\" decoding=\"async\" width=\"728\" height=\"90\" src=\"https:\/\/sven-benken.de\/wp-content\/uploads\/2022\/08\/SvenBenken_728x90_2.jpg\" alt=\"\" class=\"wp-image-87\" srcset=\"https:\/\/sven-benken.de\/wp-content\/uploads\/2022\/08\/SvenBenken_728x90_2.jpg 728w, https:\/\/sven-benken.de\/wp-content\/uploads\/2022\/08\/SvenBenken_728x90_2-300x37.jpg 300w\" sizes=\"auto, (max-width: 728px) 100vw, 728px\" \/><\/figure>\n<\/div>","protected":false},"excerpt":{"rendered":"<p>Sven Benken geboren am 20. April 1970 in Lauchhammer Berufliche T\u00e4tigkeit seit 2018Grundschullehrer f\u00fcr Mathematik, Deutsch, Sport und WAT in L\u00fcbben 2014Trainer SG Burg Landesliga 2014technischer Leiter DFB f\u00fcr St\u00fctzpunkte 2013Referent und Pr\u00fcfer B Lizenzausbildung 2013Trainer, B Jugend, Jrg.98, FC Energie Cottbus 2010Sichter f\u00fcr die Einschulung an die Sportschulen FF\/O, Cottbus 2007Gr\u00fcndungsmitglied \u201eCottbuser Krebse\u201c (bis &hellip; <\/p>\n<p class=\"link-more\"><a href=\"https:\/\/sven-benken.de\/?page_id=25\" class=\"more-link\"><span class=\"screen-reader-text\">\u201eVita\u201c<\/span> weiterlesen<\/a><\/p>\n","protected":false},"author":1,"featured_media":0,"parent":0,"menu_order":0,"comment_status":"closed","ping_status":"closed","template":"","meta":{"om_disable_all_campaigns":false,"_mi_skip_tracking":false,"footnotes":""},"class_list":["post-25","page","type-page","status-publish","hentry","entry"],"aioseo_notices":[],"_links":{"self":[{"href":"https:\/\/sven-benken.de\/index.php?rest_route=\/wp\/v2\/pages\/25","targetHints":{"allow":["GET"]}}],"collection":[{"href":"https:\/\/sven-benken.de\/index.php?rest_route=\/wp\/v2\/pages"}],"about":[{"href":"https:\/\/sven-benken.de\/index.php?rest_route=\/wp\/v2\/types\/page"}],"author":[{"embeddable":true,"href":"https:\/\/sven-benken.de\/index.php?rest_route=\/wp\/v2\/users\/1"}],"replies":[{"embeddable":true,"href":"https:\/\/sven-benken.de\/index.php?rest_route=%2Fwp%2Fv2%2Fcomments&post=25"}],"version-history":[{"count":10,"href":"https:\/\/sven-benken.de\/index.php?rest_route=\/wp\/v2\/pages\/25\/revisions"}],"predecessor-version":[{"id":92,"href":"https:\/\/sven-benken.de\/index.php?rest_route=\/wp\/v2\/pages\/25\/revisions\/92"}],"wp:attachment":[{"href":"https:\/\/sven-benken.de\/index.php?rest_route=%2Fwp%2Fv2%2Fmedia&parent=25"}],"curies":[{"name":"wp","href":"https:\/\/api.w.org\/{rel}","templated":true}]}}