{"id":30,"date":"2022-07-29T08:07:09","date_gmt":"2022-07-29T08:07:09","guid":{"rendered":"https:\/\/sven-benken.de\/?page_id=30"},"modified":"2022-08-17T11:35:38","modified_gmt":"2022-08-17T11:35:38","slug":"impressum","status":"publish","type":"page","link":"https:\/\/sven-benken.de\/?page_id=30","title":{"rendered":"Impressum"},"content":{"rendered":"<p><strong>Seiteninhaber<br \/>\n<\/strong>Unser Cottbus<\/p>\n<p><strong>Vertreter<\/strong><br \/>\nSven Benken<\/p>\n<p><strong>Anschrift<br \/>\n<\/strong>Burger Chaussee 18<br \/>\n03044 Cottbus\/Ch\u00f3\u015bebuz<\/p>\n<p><strong>Kontakt<\/strong><br \/>\nTelefon: 0157 &#8211; 5314105<br \/>\nInternet: <a href=\"https:\/\/sven-benken.de\">www.sven-benken.de<\/a><br \/>\nE-Mail: <a href=\"mailto:obkandidat@sven-benken.de\">obkandidat@sven-benken.de<\/a><\/p>\n<p><strong>Inhaltl. Verantwortung gem. \u00a7 6 MDStV<\/strong><br \/>\nSven Benken<\/p>\n<p><strong>Haftungshinweis<\/strong><br \/>\nTrotz sorgf\u00e4ltiger inhaltlicher Kontrolle \u00fcbernehmen wir keine Haftung f\u00fcr die Inhalte externer Links. F\u00fcr den Inhalt der verlinkten Seiten sind ausschlie\u00dflich deren Betreiber verantwortlich.<\/p>\n<p><strong>Copyright<\/strong><br \/>\nAlle Inhalte, das Design der Oberfl\u00e4che und der Quelltext sowie alle Texte sind urheberrechtlich gesch\u00fctzt. Jegliche Nutzung ist nur mit schriftlicher Genehmigung durch Sven Benken oder der jeweiligen Rechteinhaber gestattet. In jedem Fall gelten die gesetzlichen Copyright-Bestimmungen. Bei Versto\u00df werden umgehend strafrechtliche Schritte eingeleitet.<\/p>\n<p><strong>Verbraucherinformation<\/strong><br \/>\nIm Rahmen der Verordnung \u00fcber Online-Streitbeilegung zu Verbraucherangelegenheiten steht Ihnen unter dem Link http:\/\/ec.europa.eu\/consumers\/odr eine Online-Streitbeilegungsplattform der EU-Kommission zur Verf\u00fcgung. Wir sind zur Teilnahme an einem Streitbeilegungsverfahren vor einer Verbraucherschlichtungsstelle weder verpflichtet noch bereit.<\/p>\n<p><strong>Schutzrechtsverletzung<\/strong><br \/>\nFalls Sie vermuten, dass von dieser Website aus eines Ihrer Schutzrechte verletzt wird, teilen Sie uns dies bitte umgehend mit, damit entsprechende Abhilfe geschaffen werden kann:<br \/>\n<a href=\"mailto:obkandidat@sven-benken.de\">obkandidat@sven-benken.de<\/a><\/p>\n<p><strong>Quellennachweis \/ Urheber und Kennzeichnungsrecht<\/strong><br \/>\neigene Darstellung<br \/>\n<a href=\"https:\/\/www.hyperworx.de\/\">HyperWorx<\/a><\/p>\n","protected":false},"excerpt":{"rendered":"<p>Seiteninhaber Unser Cottbus Vertreter Sven Benken Anschrift Burger Chaussee 18 03044 Cottbus\/Ch\u00f3\u015bebuz Kontakt Telefon: 0157 &#8211; 5314105 Internet: www.sven-benken.de E-Mail: obkandidat@sven-benken.de Inhaltl. Verantwortung gem. \u00a7 6 MDStV Sven Benken Haftungshinweis Trotz sorgf\u00e4ltiger inhaltlicher Kontrolle \u00fcbernehmen wir keine Haftung f\u00fcr die Inhalte externer Links. F\u00fcr den Inhalt der verlinkten Seiten sind ausschlie\u00dflich deren Betreiber verantwortlich. Copyright &hellip; <\/p>\n<p class=\"link-more\"><a href=\"https:\/\/sven-benken.de\/?page_id=30\" class=\"more-link\"><span class=\"screen-reader-text\">\u201eImpressum\u201c<\/span> weiterlesen<\/a><\/p>\n","protected":false},"author":1,"featured_media":0,"parent":0,"menu_order":0,"comment_status":"closed","ping_status":"closed","template":"","meta":{"om_disable_all_campaigns":false,"_mi_skip_tracking":false,"footnotes":""},"class_list":["post-30","page","type-page","status-publish","hentry","entry"],"aioseo_notices":[],"_links":{"self":[{"href":"https:\/\/sven-benken.de\/index.php?rest_route=\/wp\/v2\/pages\/30","targetHints":{"allow":["GET"]}}],"collection":[{"href":"https:\/\/sven-benken.de\/index.php?rest_route=\/wp\/v2\/pages"}],"about":[{"href":"https:\/\/sven-benken.de\/index.php?rest_route=\/wp\/v2\/types\/page"}],"author":[{"embeddable":true,"href":"https:\/\/sven-benken.de\/index.php?rest_route=\/wp\/v2\/users\/1"}],"replies":[{"embeddable":true,"href":"https:\/\/sven-benken.de\/index.php?rest_route=%2Fwp%2Fv2%2Fcomments&post=30"}],"version-history":[{"count":9,"href":"https:\/\/sven-benken.de\/index.php?rest_route=\/wp\/v2\/pages\/30\/revisions"}],"predecessor-version":[{"id":137,"href":"https:\/\/sven-benken.de\/index.php?rest_route=\/wp\/v2\/pages\/30\/revisions\/137"}],"wp:attachment":[{"href":"https:\/\/sven-benken.de\/index.php?rest_route=%2Fwp%2Fv2%2Fmedia&parent=30"}],"curies":[{"name":"wp","href":"https:\/\/api.w.org\/{rel}","templated":true}]}}